{"id":369,"date":"2024-09-09T17:42:58","date_gmt":"2024-09-09T15:42:58","guid":{"rendered":"https:\/\/pmu-la-anna.be\/fr\/?page_id=369"},"modified":"2024-09-09T20:06:44","modified_gmt":"2024-09-09T18:06:44","slug":"tarifs","status":"publish","type":"page","link":"https:\/\/pmu-la-anna.be\/fr\/tarifs\/","title":{"rendered":"Tarifs"},"content":{"rendered":"\n<h3 class=\"wp-block-heading\">Maquillage Permanent<\/h3>\n\n\n\n<h4 class=\"wp-block-heading\">Sourcils<\/h4>\n\n\n\n<figure class=\"wp-block-table\"><table class=\"has-fixed-layout\"><thead><tr><th><strong>Service<\/strong><\/th><th><strong>Prix<\/strong><\/th><th><strong>Dur\u00e9e<\/strong><\/th><\/tr><\/thead><tbody><tr><td>Sourcils Poudr\u00e9s<\/td><td>\u20ac350<\/td><td>150 min<\/td><\/tr><tr><td>Retouche dans les 8 semaines<\/td><td>\u20ac50<\/td><td>60 min<\/td><\/tr><tr><td>Retouche dans les 12 mois<\/td><td>\u20ac220<\/td><td>90 min<\/td><\/tr><tr><td>Retouche dans les 18 mois<\/td><td>\u20ac270<\/td><td>90 min<\/td><\/tr><tr><td>Apr\u00e8s deux ans, nouvelle s\u00e9ance<\/td><td>\u20ac350<\/td><td>150 min<\/td><\/tr><\/tbody><\/table><\/figure>\n\n\n\n<h4 class=\"wp-block-heading\">L\u00e8vres<\/h4>\n\n\n\n<figure class=\"wp-block-table\"><table class=\"has-fixed-layout\"><thead><tr><th><strong>Service<\/strong><\/th><th><strong>Prix<\/strong><\/th><th><strong>Dur\u00e9e<\/strong><\/th><\/tr><\/thead><tbody><tr><td>Blush L\u00e8vres<\/td><td>\u20ac350<\/td><td>180 min<\/td><\/tr><tr><td>Retouche dans les 8 semaines<\/td><td>\u20ac50<\/td><td>90 min<\/td><\/tr><\/tbody><\/table><\/figure>\n\n\n\n<h4 class=\"wp-block-heading\">Yeux<\/h4>\n\n\n\n<figure class=\"wp-block-table\"><table class=\"has-fixed-layout\"><thead><tr><th><strong>Service<\/strong><\/th><th><strong>Prix<\/strong><\/th><th><strong>Dur\u00e9e<\/strong><\/th><\/tr><\/thead><tbody><tr><td>Deepliner<\/td><td>\u20ac150<\/td><td>90 min<\/td><\/tr><tr><td>Retouche dans les 8 semaines<\/td><td>\u20ac50<\/td><td>60 min<\/td><\/tr><\/tbody><\/table><\/figure>\n\n\n\n<h3 class=\"wp-block-heading\">Brow Styling<\/h3>\n\n\n\n<figure class=\"wp-block-table\"><table class=\"has-fixed-layout\"><thead><tr><th><strong>Service<\/strong><\/th><th><strong>Prix<\/strong><\/th><th><strong>Dur\u00e9e<\/strong><\/th><th><strong>Remarques<\/strong><\/th><\/tr><\/thead><tbody><tr><td>\u00c9pilation au fil<\/td><td>\u20ac20<\/td><td>20 min<\/td><td><\/td><\/tr><tr><td>Hybrid Brows<\/td><td>\u20ac50<\/td><td>40 min<\/td><td><\/td><\/tr><tr><td>Hybrid Brows + \u00c9pilation au fil<\/td><td>\u20ac60<\/td><td>60 min<\/td><td><\/td><\/tr><tr><td>Lamination des Sourcils<\/td><td>\u20ac70<\/td><td>60 min<\/td><td><\/td><\/tr><tr><td>Lamination des Sourcils + Hybrides<\/td><td>\u20ac100<\/td><td>90 min<\/td><td>Inclus : gommage des sourcils, nettoyage, \u00e9pilation au fil, boost min\u00e9ral<\/td><\/tr><\/tbody><\/table><\/figure>\n\n\n\n<h3 class=\"wp-block-heading\">Lash Styling<\/h3>\n\n\n\n<figure class=\"wp-block-table\"><table class=\"has-fixed-layout\"><thead><tr><th><strong>Service<\/strong><\/th><th><strong>Prix<\/strong><\/th><th><strong>Dur\u00e9e<\/strong><\/th><\/tr><\/thead><tbody><tr><td>R\u00e9haussement de cils<\/td><td>\u20ac60<\/td><td>80 min<\/td><\/tr><tr><td>R\u00e9haussement de cils + teinture<\/td><td>\u20ac70<\/td><td>90 min<\/td><\/tr><\/tbody><\/table><\/figure>\n\n\n\n<p><strong>Remarques :<\/strong><\/p>\n\n\n\n<ul class=\"wp-block-list\">\n<li>Tous les prix incluent les mat\u00e9riaux et les frais de main-d&rsquo;\u0153uvre.<\/li>\n\n\n\n<li>Les retouches sont recommand\u00e9es pour maintenir la couleur et la forme.<\/li>\n\n\n\n<li>Pour des questions sp\u00e9cifiques ou pour prendre rendez-vous, veuillez nous contacter.<\/li>\n<\/ul>\n","protected":false},"excerpt":{"rendered":"<p>Maquillage Permanent Sourcils Service Prix Dur\u00e9e Sourcils Poudr\u00e9s \u20ac350 150 min Retouche dans les 8 semaines \u20ac50 60 min Retouche dans les 12 mois \u20ac220 90 min Retouche dans les 18 mois \u20ac270 90 min Apr\u00e8s deux ans, nouvelle s\u00e9ance \u20ac350 150 min L\u00e8vres Service Prix Dur\u00e9e Blush L\u00e8vres \u20ac350 180 min Retouche dans les [&hellip;]<\/p>\n","protected":false},"author":1,"featured_media":0,"parent":0,"menu_order":0,"comment_status":"closed","ping_status":"closed","template":"","meta":{"footnotes":""},"class_list":["post-369","page","type-page","status-publish","hentry"],"_links":{"self":[{"href":"https:\/\/pmu-la-anna.be\/fr\/wp-json\/wp\/v2\/pages\/369"}],"collection":[{"href":"https:\/\/pmu-la-anna.be\/fr\/wp-json\/wp\/v2\/pages"}],"about":[{"href":"https:\/\/pmu-la-anna.be\/fr\/wp-json\/wp\/v2\/types\/page"}],"author":[{"embeddable":true,"href":"https:\/\/pmu-la-anna.be\/fr\/wp-json\/wp\/v2\/users\/1"}],"replies":[{"embeddable":true,"href":"https:\/\/pmu-la-anna.be\/fr\/wp-json\/wp\/v2\/comments?post=369"}],"version-history":[{"count":2,"href":"https:\/\/pmu-la-anna.be\/fr\/wp-json\/wp\/v2\/pages\/369\/revisions"}],"predecessor-version":[{"id":441,"href":"https:\/\/pmu-la-anna.be\/fr\/wp-json\/wp\/v2\/pages\/369\/revisions\/441"}],"wp:attachment":[{"href":"https:\/\/pmu-la-anna.be\/fr\/wp-json\/wp\/v2\/media?parent=369"}],"curies":[{"name":"wp","href":"https:\/\/api.w.org\/{rel}","templated":true}]}}