{"id":30,"date":"2019-05-20T13:42:47","date_gmt":"2019-05-20T13:42:47","guid":{"rendered":"http:\/\/localhost\/wordpress\/beautyspot-demo\/?page_id=30"},"modified":"2024-09-09T20:35:49","modified_gmt":"2024-09-09T18:35:49","slug":"contact","status":"publish","type":"page","link":"https:\/\/pmu-la-anna.be\/fr\/contact\/","title":{"rendered":"Contact"},"content":{"rendered":"\n<figure class=\"wp-block-image size-large is-resized is-style-default\"><img decoding=\"async\" src=\"https:\/\/pmu-la-anna.be\/en\/wp-content\/uploads\/sites\/5\/2024\/09\/contact-pmu-la-anna-1024x578.jpg\" alt=\"\" class=\"wp-image-425\" style=\"width:650px;height:auto\"\/><\/figure>\n\n\n\n<iframe loading=\"lazy\" src=\"https:\/\/www.google.com\/maps\/embed?pb=!1m18!1m12!1m3!1d2515.383004250855!2d4.399680111761461!3d50.91663165357105!2m3!1f0!2f0!3f0!3m2!1i1024!2i768!4f13.1!3m3!1m2!1s0x47c3c2bb0a997113%3A0x807afbb64db0be27!2sItali%C3%ABlaan%202%2F6%202%2C%201800%20Vilvoorde!5e0!3m2!1sfr!2sbe!4v1725780678462!5m2!1sfr!2sbe\" width=\"100%\" height=\"300\" frameborder=\"0\" style=\"border:0\"><\/iframe>\n\n\n\n<div style=\"height:60px\" aria-hidden=\"true\" class=\"wp-block-spacer\"><\/div>\n\n\n\n<div class=\"wp-block-columns has-3-columns is-layout-flex wp-container-core-columns-is-layout-1 wp-block-columns-is-layout-flex\">\n<div class=\"wp-block-column is-layout-flow wp-block-column-is-layout-flow\">\n<div class=\"lsvr-feature lsvr-feature--has-icon\"\n    >\n    <div class=\"lsvr-feature__inner\">\n\n        \n            <span class=\"lsvr-feature__icon icon-map-marker\" aria-hidden=\"true\"><\/span>\n\n        \n        \n            <h3 class=\"lsvr-feature__title\">\n                Pmu-La-Anna            <\/h3>\n\n        \n        \n            <div class=\"lsvr-feature__text\">\n\n                <p>Itali\u00eblaan 2 6\/2<br \/>\n1800 Vilvoorde<\/p>\n\n            <\/div>\n\n        \n        \n    <\/div>\n<\/div>\n\n<\/div>\n\n\n\n<div class=\"wp-block-column is-layout-flow wp-block-column-is-layout-flow\">\n<div class=\"lsvr-feature lsvr-feature--has-icon\"\n    >\n    <div class=\"lsvr-feature__inner\">\n\n        \n            <span class=\"lsvr-feature__icon icon-clock-o\" aria-hidden=\"true\"><\/span>\n\n        \n        \n            <h3 class=\"lsvr-feature__title\">\n                Heures d&#039;ouverture            <\/h3>\n\n        \n        \n            <div class=\"lsvr-feature__text\">\n\n                <p>Mar. &#8211; Sam. : 09:00 &#8211; 18:00<br \/>\nLundi : ferm\u00e9<br \/>\nDimanche : ferm\u00e9<\/p>\n\n            <\/div>\n\n        \n        \n    <\/div>\n<\/div>\n\n\n\n\n<p><\/p>\n<\/div>\n\n\n\n<div class=\"wp-block-column is-layout-flow wp-block-column-is-layout-flow\">\n<div class=\"lsvr-feature lsvr-feature--has-icon\"\n    >\n    <div class=\"lsvr-feature__inner\">\n\n        \n            <span class=\"lsvr-feature__icon  icon-phone\" aria-hidden=\"true\"><\/span>\n\n        \n        \n            <h3 class=\"lsvr-feature__title\">\n                T\u00e9l\u00e9phone \/ Email            <\/h3>\n\n        \n        \n            <div class=\"lsvr-feature__text\">\n\n                <p>0488 42 78 71<br \/>\ninfo@pmu-la-anna.be<\/p>\n\n            <\/div>\n\n        \n        \n    <\/div>\n<\/div>\n\n<\/div>\n<\/div>\n\n\n\n<hr class=\"wp-block-separator has-css-opacity is-style-wide\"\/>\n\n\n\n<h3 class=\"wp-block-heading\">Prendre rendez-vous<\/h3>\n\n\n\n<p>Veuillez remplir ce formulaire pour prendre rendez-vous<\/p>\n\n\n\n<div class=\"wpcf7 no-js\" id=\"wpcf7-f5-o1\" lang=\"fr-BE\" dir=\"ltr\">\n<div class=\"screen-reader-response\"><p role=\"status\" aria-live=\"polite\" aria-atomic=\"true\"><\/p> <ul><\/ul><\/div>\n<form action=\"\/fr\/wp-json\/wp\/v2\/pages\/30#wpcf7-f5-o1\" method=\"post\" class=\"wpcf7-form init\" aria-label=\"Contact form\" novalidate=\"novalidate\" data-status=\"init\">\n<div style=\"display: none;\">\n<input type=\"hidden\" name=\"_wpcf7\" value=\"5\" \/>\n<input type=\"hidden\" name=\"_wpcf7_version\" value=\"5.9.8\" \/>\n<input type=\"hidden\" name=\"_wpcf7_locale\" value=\"fr_BE\" \/>\n<input type=\"hidden\" name=\"_wpcf7_unit_tag\" value=\"wpcf7-f5-o1\" \/>\n<input type=\"hidden\" name=\"_wpcf7_container_post\" value=\"0\" \/>\n<input type=\"hidden\" name=\"_wpcf7_posted_data_hash\" value=\"\" \/>\n<\/div>\n<p><label> Votre nom<br \/>\n<span class=\"wpcf7-form-control-wrap\" data-name=\"your-name\"><input size=\"40\" maxlength=\"400\" class=\"wpcf7-form-control wpcf7-text wpcf7-validates-as-required\" autocomplete=\"name\" aria-required=\"true\" aria-invalid=\"false\" value=\"\" type=\"text\" name=\"your-name\" \/><\/span><br \/>\n<\/label>\n<\/p>\n<p><label> Votre e-mail<br \/>\n<span class=\"wpcf7-form-control-wrap\" data-name=\"your-email\"><input size=\"40\" maxlength=\"400\" class=\"wpcf7-form-control wpcf7-email wpcf7-validates-as-required wpcf7-text wpcf7-validates-as-email\" autocomplete=\"email\" aria-required=\"true\" aria-invalid=\"false\" value=\"\" type=\"email\" name=\"your-email\" \/><\/span><br \/>\n<\/label>\n<\/p>\n<p><label> Num\u00e9ro de t\u00e9l\u00e9phone<br \/>\n<span class=\"wpcf7-form-control-wrap\" data-name=\"your-phone\"><input size=\"40\" maxlength=\"400\" class=\"wpcf7-form-control wpcf7-tel wpcf7-validates-as-required wpcf7-text wpcf7-validates-as-tel\" autocomplete=\"tel\" aria-required=\"true\" aria-invalid=\"false\" value=\"\" type=\"tel\" name=\"your-phone\" \/><\/span><br \/>\n<\/label>\n<\/p>\n<p><label> Pr\u00e9f\u00e9rences de jour<br \/>\n<span class=\"wpcf7-form-control-wrap\" data-name=\"your-day-preference\"><select class=\"wpcf7-form-control wpcf7-select wpcf7-validates-as-required\" aria-required=\"true\" aria-invalid=\"false\" name=\"your-day-preference\"><option value=\"Mardi\">Mardi<\/option><option value=\"Mercredi\">Mercredi<\/option><option value=\"Jeudi\">Jeudi<\/option><option value=\"Vendredi\">Vendredi<\/option><option value=\"Samedi\">Samedi<\/option><\/select><\/span><br \/>\n<\/label>\n<\/p>\n<p><label> Moment de la journ\u00e9e<br \/>\n<span class=\"wpcf7-form-control-wrap\" data-name=\"your-time-preference\"><select class=\"wpcf7-form-control wpcf7-select wpcf7-validates-as-required\" aria-required=\"true\" aria-invalid=\"false\" name=\"your-time-preference\"><option value=\"Matin\">Matin<\/option><option value=\"Apr\u00e8s-midi\">Apr\u00e8s-midi<\/option><option value=\"Fin de journ\u00e9e\">Fin de journ\u00e9e<\/option><\/select><\/span><br \/>\n<\/label>\n<\/p>\n<p><label> Traitements<br \/>\n<span class=\"wpcf7-form-control-wrap\" data-name=\"your-treatments\"><span class=\"wpcf7-form-control wpcf7-checkbox wpcf7-validates-as-required\"><span class=\"wpcf7-list-item first\"><label><input type=\"checkbox\" name=\"your-treatments[]\" value=\"Maquillage Permanent\" \/><span class=\"wpcf7-list-item-label\">Maquillage Permanent<\/span><\/label><\/span><span class=\"wpcf7-list-item\"><label><input type=\"checkbox\" name=\"your-treatments[]\" value=\"Tatouage Corps\" \/><span class=\"wpcf7-list-item-label\">Tatouage Corps<\/span><\/label><\/span><span class=\"wpcf7-list-item last\"><label><input type=\"checkbox\" name=\"your-treatments[]\" value=\"Beaut\u00e9 du Regard\" \/><span class=\"wpcf7-list-item-label\">Beaut\u00e9 du Regard<\/span><\/label><\/span><\/span><\/span><br \/>\n<\/label>\n<\/p>\n<p><label> Votre message<br \/>\n<span class=\"wpcf7-form-control-wrap\" data-name=\"your-message\"><textarea cols=\"40\" rows=\"10\" maxlength=\"2000\" class=\"wpcf7-form-control wpcf7-textarea wpcf7-validates-as-required\" aria-required=\"true\" aria-invalid=\"false\" name=\"your-message\"><\/textarea><\/span><br \/>\n<\/label>\n<\/p>\n<p><input class=\"wpcf7-form-control wpcf7-submit has-spinner\" type=\"submit\" value=\"Envoyer\" \/>\n<\/p><div class=\"wpcf7-response-output\" aria-hidden=\"true\"><\/div>\n<\/form>\n<\/div>\n\n","protected":false},"excerpt":{"rendered":"<p>Prendre rendez-vous Veuillez remplir ce formulaire pour prendre rendez-vous<\/p>\n","protected":false},"author":1,"featured_media":0,"parent":0,"menu_order":0,"comment_status":"closed","ping_status":"closed","template":"page-templates\/narrow.php","meta":{"footnotes":""},"class_list":["post-30","page","type-page","status-publish","hentry"],"_links":{"self":[{"href":"https:\/\/pmu-la-anna.be\/fr\/wp-json\/wp\/v2\/pages\/30"}],"collection":[{"href":"https:\/\/pmu-la-anna.be\/fr\/wp-json\/wp\/v2\/pages"}],"about":[{"href":"https:\/\/pmu-la-anna.be\/fr\/wp-json\/wp\/v2\/types\/page"}],"author":[{"embeddable":true,"href":"https:\/\/pmu-la-anna.be\/fr\/wp-json\/wp\/v2\/users\/1"}],"replies":[{"embeddable":true,"href":"https:\/\/pmu-la-anna.be\/fr\/wp-json\/wp\/v2\/comments?post=30"}],"version-history":[{"count":3,"href":"https:\/\/pmu-la-anna.be\/fr\/wp-json\/wp\/v2\/pages\/30\/revisions"}],"predecessor-version":[{"id":444,"href":"https:\/\/pmu-la-anna.be\/fr\/wp-json\/wp\/v2\/pages\/30\/revisions\/444"}],"wp:attachment":[{"href":"https:\/\/pmu-la-anna.be\/fr\/wp-json\/wp\/v2\/media?parent=30"}],"curies":[{"name":"wp","href":"https:\/\/api.w.org\/{rel}","templated":true}]}}